{"id":8,"date":"2014-07-04T11:41:38","date_gmt":"2014-07-04T11:41:38","guid":{"rendered":"http:\/\/atelierdasformas.com\/?page_id=8"},"modified":"2022-09-20T15:36:08","modified_gmt":"2022-09-20T15:36:08","slug":"equipa","status":"publish","type":"page","link":"http:\/\/atelierdasformas.com\/?page_id=8","title":{"rendered":"Equipa"},"content":{"rendered":"\t\t<div data-elementor-type=\"wp-page\" data-elementor-id=\"8\" class=\"elementor elementor-8\">\n\t\t\t\t\t\t\t\t\t<section class=\"elementor-section elementor-top-section elementor-element elementor-element-d68666c elementor-section-full_width elementor-section-content-middle elementor-section-height-default elementor-section-height-default\" data-id=\"d68666c\" data-element_type=\"section\">\n\t\t\t\t\t\t<div class=\"elementor-container elementor-column-gap-no\">\n\t\t\t\t\t<div class=\"elementor-column elementor-col-100 elementor-top-column elementor-element elementor-element-110f9613\" data-id=\"110f9613\" data-element_type=\"column\">\n\t\t\t<div class=\"elementor-widget-wrap elementor-element-populated\">\n\t\t\t\t\t\t\t\t<div class=\"elementor-element elementor-element-174eca81 elementor-widget__width-initial elementor-absolute elementor-widget elementor-widget-text-editor\" data-id=\"174eca81\" data-element_type=\"widget\" data-settings=\"{&quot;_position&quot;:&quot;absolute&quot;}\" data-widget_type=\"text-editor.default\">\n\t\t\t\t<div class=\"elementor-widget-container\">\n\t\t\t<style>\/*! elementor - v3.7.6 - 15-09-2022 *\/\n.elementor-widget-text-editor.elementor-drop-cap-view-stacked .elementor-drop-cap{background-color:#818a91;color:#fff}.elementor-widget-text-editor.elementor-drop-cap-view-framed .elementor-drop-cap{color:#818a91;border:3px solid;background-color:transparent}.elementor-widget-text-editor:not(.elementor-drop-cap-view-default) .elementor-drop-cap{margin-top:8px}.elementor-widget-text-editor:not(.elementor-drop-cap-view-default) .elementor-drop-cap-letter{width:1em;height:1em}.elementor-widget-text-editor .elementor-drop-cap{float:left;text-align:center;line-height:1;font-size:50px}.elementor-widget-text-editor .elementor-drop-cap-letter{display:inline-block}<\/style>\t\t\t\t\t\t\t\t\t\t<\/div>\n\t\t\t\t<\/div>\n\t\t\t\t\t<\/div>\n\t\t<\/div>\n\t\t\t\t\t\t\t<\/div>\n\t\t<\/section>\n\t\t\t\t<section class=\"elementor-section elementor-top-section elementor-element elementor-element-71c219ca elementor-section-full_width elementor-section-content-middle elementor-section-height-default elementor-section-height-default\" data-id=\"71c219ca\" data-element_type=\"section\">\n\t\t\t\t\t\t<div class=\"elementor-container elementor-column-gap-no\">\n\t\t\t\t\t<div class=\"elementor-column elementor-col-100 elementor-top-column elementor-element elementor-element-15b04f6b\" data-id=\"15b04f6b\" data-element_type=\"column\">\n\t\t\t<div class=\"elementor-widget-wrap elementor-element-populated\">\n\t\t\t\t\t\t\t\t<div class=\"elementor-element elementor-element-18b7281f elementor-widget__width-initial elementor-absolute elementor-widget elementor-widget-text-editor\" data-id=\"18b7281f\" data-element_type=\"widget\" data-settings=\"{&quot;_position&quot;:&quot;absolute&quot;}\" data-widget_type=\"text-editor.default\">\n\t\t\t\t<div class=\"elementor-widget-container\">\n\t\t\t\t\t\t\t\t\t\t\t\t\t<\/div>\n\t\t\t\t<\/div>\n\t\t\t\t\t<\/div>\n\t\t<\/div>\n\t\t\t\t\t\t\t<\/div>\n\t\t<\/section>\n\t\t\t\t<section class=\"elementor-section elementor-top-section elementor-element elementor-element-1ffbee97 elementor-section-boxed elementor-section-height-default elementor-section-height-default\" data-id=\"1ffbee97\" data-element_type=\"section\">\n\t\t\t\t\t\t<div class=\"elementor-container elementor-column-gap-no\">\n\t\t\t\t\t<div class=\"elementor-column elementor-col-100 elementor-top-column elementor-element elementor-element-5a110bda\" data-id=\"5a110bda\" data-element_type=\"column\">\n\t\t\t<div class=\"elementor-widget-wrap elementor-element-populated\">\n\t\t\t\t\t\t\t\t<div class=\"elementor-element elementor-element-29b70ef elementor-absolute elementor-widget__width-initial elementor-widget elementor-widget-text-editor\" data-id=\"29b70ef\" data-element_type=\"widget\" data-settings=\"{&quot;_position&quot;:&quot;absolute&quot;}\" data-widget_type=\"text-editor.default\">\n\t\t\t\t<div class=\"elementor-widget-container\">\n\t\t\t\t\t\t\t<p style=\"text-align: center;\">T. 933 261 463\u00a0 I\u00a0<a href=\"mailto:geral@atelierdasformas.com\">geral@atelierdasformas.com <\/a>I www.atelierdasformas.com<\/p>\t\t\t\t\t\t<\/div>\n\t\t\t\t<\/div>\n\t\t\t\t\t<\/div>\n\t\t<\/div>\n\t\t\t\t\t\t\t<\/div>\n\t\t<\/section>\n\t\t\t\t<section class=\"elementor-section elementor-top-section elementor-element elementor-element-1a139942 elementor-section-boxed elementor-section-height-default elementor-section-height-default\" data-id=\"1a139942\" data-element_type=\"section\">\n\t\t\t\t\t\t<div class=\"elementor-container elementor-column-gap-default\">\n\t\t\t\t\t<div class=\"elementor-column elementor-col-100 elementor-top-column elementor-element elementor-element-785474c7\" data-id=\"785474c7\" data-element_type=\"column\">\n\t\t\t<div class=\"elementor-widget-wrap elementor-element-populated\">\n\t\t\t\t\t\t\t\t<div class=\"elementor-element elementor-element-457e28b1 elementor-widget__width-initial elementor-absolute elementor-widget-tablet__width-initial elementor-widget-mobile__width-initial elementor-align-right elementor-widget-laptop__width-initial elementor-widget elementor-widget-button\" data-id=\"457e28b1\" data-element_type=\"widget\" data-settings=\"{&quot;_position&quot;:&quot;absolute&quot;}\" data-widget_type=\"button.default\">\n\t\t\t\t<div class=\"elementor-widget-container\">\n\t\t\t\t\t<div class=\"elementor-button-wrapper\">\n\t\t\t<a href=\"http:\/\/atelierdasformas.com\/?page_id=8\" class=\"elementor-button-link elementor-button elementor-size-sm\" role=\"button\">\n\t\t\t\t\t\t<span class=\"elementor-button-content-wrapper\">\n\t\t\t\t\t\t<span class=\"elementor-button-text\">practice<\/span>\n\t\t<\/span>\n\t\t\t\t\t<\/a>\n\t\t<\/div>\n\t\t\t\t<\/div>\n\t\t\t\t<\/div>\n\t\t\t\t<div class=\"elementor-element elementor-element-4e9a500a elementor-widget__width-initial elementor-absolute elementor-widget-tablet__width-initial elementor-widget-mobile__width-initial elementor-align-right elementor-widget-laptop__width-initial elementor-widget elementor-widget-button\" data-id=\"4e9a500a\" data-element_type=\"widget\" data-settings=\"{&quot;_position&quot;:&quot;absolute&quot;}\" data-widget_type=\"button.default\">\n\t\t\t\t<div class=\"elementor-widget-container\">\n\t\t\t\t\t<div class=\"elementor-button-wrapper\">\n\t\t\t<a href=\"http:\/\/atelierdasformas.com\/?page_id=783\" class=\"elementor-button-link elementor-button elementor-size-sm\" role=\"button\">\n\t\t\t\t\t\t<span class=\"elementor-button-content-wrapper\">\n\t\t\t\t\t\t<span class=\"elementor-button-text\">projects<\/span>\n\t\t<\/span>\n\t\t\t\t\t<\/a>\n\t\t<\/div>\n\t\t\t\t<\/div>\n\t\t\t\t<\/div>\n\t\t\t\t<div class=\"elementor-element elementor-element-5c83d6 elementor-widget__width-inherit elementor-absolute elementor-widget-tablet__width-inherit elementor-widget elementor-widget-text-editor\" data-id=\"5c83d6\" data-element_type=\"widget\" data-settings=\"{&quot;_position&quot;:&quot;absolute&quot;}\" data-widget_type=\"text-editor.default\">\n\t\t\t\t<div class=\"elementor-widget-container\">\n\t\t\t\t\t\t\t<p><span style=\"color: #ffffff;\"><span style=\"color: #000000;\">\u00a0<a style=\"color: #000000;\" href=\"mailto:geral@atelierdasformas.com\">geral@atelierdasformas.com<\/a><\/span><\/span><\/p>\t\t\t\t\t\t<\/div>\n\t\t\t\t<\/div>\n\t\t\t\t<div class=\"elementor-element elementor-element-46c45a89 elementor-widget__width-initial elementor-absolute elementor-view-default elementor-widget elementor-widget-icon\" data-id=\"46c45a89\" data-element_type=\"widget\" data-settings=\"{&quot;_position&quot;:&quot;absolute&quot;}\" data-widget_type=\"icon.default\">\n\t\t\t\t<div class=\"elementor-widget-container\">\n\t\t\t\t\t<div class=\"elementor-icon-wrapper\">\n\t\t\t<div class=\"elementor-icon\">\n\t\t\t<i aria-hidden=\"true\" class=\"fab fa-linkedin\"><\/i>\t\t\t<\/div>\n\t\t<\/div>\n\t\t\t\t<\/div>\n\t\t\t\t<\/div>\n\t\t\t\t<div class=\"elementor-element elementor-element-1b7c1010 elementor-widget__width-initial elementor-absolute elementor-view-default elementor-widget elementor-widget-icon\" data-id=\"1b7c1010\" data-element_type=\"widget\" data-settings=\"{&quot;_position&quot;:&quot;absolute&quot;}\" data-widget_type=\"icon.default\">\n\t\t\t\t<div class=\"elementor-widget-container\">\n\t\t\t\t\t<div class=\"elementor-icon-wrapper\">\n\t\t\t<a class=\"elementor-icon\" href=\"https:\/\/www.facebook.com\/people\/Atelier-das-Formas_Arquitectura\/100063834887796\/\">\n\t\t\t<i aria-hidden=\"true\" class=\"fab fa-facebook\"><\/i>\t\t\t<\/a>\n\t\t<\/div>\n\t\t\t\t<\/div>\n\t\t\t\t<\/div>\n\t\t\t\t<div class=\"elementor-element elementor-element-4b0ead27 elementor-widget__width-initial elementor-absolute elementor-widget-mobile__width-initial elementor-widget elementor-widget-image\" data-id=\"4b0ead27\" data-element_type=\"widget\" data-settings=\"{&quot;_position&quot;:&quot;absolute&quot;}\" data-widget_type=\"image.default\">\n\t\t\t\t<div class=\"elementor-widget-container\">\n\t\t\t<style>\/*! elementor - v3.7.6 - 15-09-2022 *\/\n.elementor-widget-image{text-align:center}.elementor-widget-image a{display:inline-block}.elementor-widget-image a img[src$=\".svg\"]{width:48px}.elementor-widget-image img{vertical-align:middle;display:inline-block}<\/style>\t\t\t\t\t\t\t\t\t\t\t\t\t<a href=\"http:\/\/atelierdasformas.com\/?page_id=704\">\n\t\t\t\t\t\t\t<img loading=\"lazy\" decoding=\"async\" width=\"1008\" height=\"654\" src=\"http:\/\/atelierdasformas.com\/wp-content\/uploads\/2022\/09\/LOGO-Transparente-2-.png\" class=\"attachment-full size-full\" alt=\"\" srcset=\"http:\/\/atelierdasformas.com\/wp-content\/uploads\/2022\/09\/LOGO-Transparente-2-.png 1008w, http:\/\/atelierdasformas.com\/wp-content\/uploads\/2022\/09\/LOGO-Transparente-2--300x195.png 300w, http:\/\/atelierdasformas.com\/wp-content\/uploads\/2022\/09\/LOGO-Transparente-2--768x498.png 768w\" sizes=\"auto, (max-width: 1008px) 100vw, 1008px\" \/>\t\t\t\t\t\t\t\t<\/a>\n\t\t\t\t\t\t\t\t\t\t\t\t\t\t\t<\/div>\n\t\t\t\t<\/div>\n\t\t\t\t<div class=\"elementor-element elementor-element-db27fe6 elementor-widget-tablet__width-initial elementor-widget elementor-widget-text-editor\" data-id=\"db27fe6\" data-element_type=\"widget\" data-widget_type=\"text-editor.default\">\n\t\t\t\t<div class=\"elementor-widget-container\">\n\t\t\t\t\t\t\t<p>\u00a0<\/p><p>\u00a0<\/p><p><small>O <\/small><em><strong>atelier das formas<\/strong>\u00a0<\/em><small>constituiu-se oficialmente em 2005, no Porto. Destaca-se o trabalho na \u00e1rea de Reabilita\u00e7\u00e3o Urbana na Porto Vivo SRU.<\/small><\/p><p><strong>MARTA BORDALO\u00a0 <\/strong><span style=\"color: #c0c0c0;\"><small>arquitecta<\/small><\/span><\/p><p style=\"text-align: left;\"><small>Nasceu no Porto. Licenciada em Arquitetura, pela FAUP. Especializada em Reabilita\u00e7\u00e3o do Patrim\u00f3nio Edificado, FEUP. Ao abrigo do ERASMUS frequentou a \u00c9cole d`Architecture Paris- La Villette. Destaca-se a colabora\u00e7\u00e3o no atelier do arq.\u00ba Alcino Soutinho.\u00a0 \u00a0 \u00a0 \u00a0 \u00a0 \u00a0 \u00a0 \u00a0 \u00a0 <\/small><small>\u00a0 \u00a0 \u00a0 \u00a0 \u00a0 \u00a0 \u00a0 \u00a0 \u00a0 \u00a0 \u00a0 \u00a0 \u00a0 \u00a0 \u00a0 \u00a0 \u00a0 \u00a0 \u00a0 \u00a0 \u00a0 \u00a0 \u00a0 \u00a0 \u00a0 \u00a0 \u00a0 \u00a0 \u00a0 \u00a0 \u00a0 \u00a0 <\/small><small>\u00a0 \u00a0 \u00a0 \u00a0 \u00a0 \u00a0 \u00a0 \u00a0 \u00a0 \u00a0 \u00a0 \u00a0 \u00a0 \u00a0 \u00a0 \u00a0 \u00a0 \u00a0 \u00a0 \u00a0<\/small><\/p><p><strong>M\u00c1RCIO MEIRELES<\/strong><small><strong> \u00a0<\/strong><span style=\"color: #c0c0c0;\">arquitecto\u00a0\u00a0<\/span><\/small><\/p><p style=\"text-align: left;\"><small>Nasceu no Porto. Licenciado em Arquitetura, pela FAUP. Ao abrigo do ERASMUS frequentou a Universit\u00e1 Frederico II di Napoili. Colaborou em diversos ateliers de arquitectura do Porto, na Metro do Porto, STAP, Universidade do Minho e Direc\u00e7\u00e3o Regional de Cultura do Norte.\u00a0<\/small><\/p><p><small><strong>Colaboradores:<\/strong><\/small><\/p><p><small>Maria Manuel da Silva, <em>arq.<\/em> , Bruno Nadais &#8211; <em>3d designer<\/em> , Liliana Pires, <em>arq.<\/em>, Cla\u00fadia Nunes, <em>arq.<\/em> , M\u00e1rcia Branco, <em>arq. <\/em>, Lu\u00edsa Pereira, <em>arq.<\/em>, Nuno Brand\u00e3o, <em>arq.<\/em>, Lara Chaves<\/small><\/p><p><small><strong><em>Men\u00e7\u00e3o Honrosa,\u00a0<\/em>Pr\u00e9mio IHRU 2012<\/strong> &#8211;\u00a0Reabilita\u00e7\u00e3o de pr\u00e9dio de Habita\u00e7\u00e3o e Com\u00e9rcio, Rua da Firmeza, Porto<\/small><\/p>\t\t\t\t\t\t<\/div>\n\t\t\t\t<\/div>\n\t\t\t\t\t<\/div>\n\t\t<\/div>\n\t\t\t\t\t\t\t<\/div>\n\t\t<\/section>\n\t\t\t\t\t\t\t<\/div>\n\t\t","protected":false},"excerpt":{"rendered":"<p>T. 933 261 463\u00a0 I\u00a0geral@atelierdasformas.com I www.atelierdasformas.com practice projects \u00a0geral@atelierdasformas.com \u00a0 \u00a0 O atelier das formas\u00a0constituiu-se oficialmente em 2005, no Porto. Destaca-se o trabalho na \u00e1rea de Reabilita\u00e7\u00e3o Urbana na Porto Vivo SRU. MARTA BORDALO\u00a0 arquitecta Nasceu no Porto. Licenciada em Arquitetura, pela FAUP. Especializada em Reabilita\u00e7\u00e3o do Patrim\u00f3nio Edificado, FEUP. Ao abrigo do ERASMUS [&hellip;]<\/p>\n","protected":false},"author":1,"featured_media":0,"parent":0,"menu_order":2,"comment_status":"closed","ping_status":"closed","template":"elementor_header_footer","meta":{"footnotes":""},"class_list":["post-8","page","type-page","status-publish","hentry"],"_links":{"self":[{"href":"http:\/\/atelierdasformas.com\/index.php?rest_route=\/wp\/v2\/pages\/8","targetHints":{"allow":["GET"]}}],"collection":[{"href":"http:\/\/atelierdasformas.com\/index.php?rest_route=\/wp\/v2\/pages"}],"about":[{"href":"http:\/\/atelierdasformas.com\/index.php?rest_route=\/wp\/v2\/types\/page"}],"author":[{"embeddable":true,"href":"http:\/\/atelierdasformas.com\/index.php?rest_route=\/wp\/v2\/users\/1"}],"replies":[{"embeddable":true,"href":"http:\/\/atelierdasformas.com\/index.php?rest_route=%2Fwp%2Fv2%2Fcomments&post=8"}],"version-history":[{"count":157,"href":"http:\/\/atelierdasformas.com\/index.php?rest_route=\/wp\/v2\/pages\/8\/revisions"}],"predecessor-version":[{"id":1362,"href":"http:\/\/atelierdasformas.com\/index.php?rest_route=\/wp\/v2\/pages\/8\/revisions\/1362"}],"wp:attachment":[{"href":"http:\/\/atelierdasformas.com\/index.php?rest_route=%2Fwp%2Fv2%2Fmedia&parent=8"}],"curies":[{"name":"wp","href":"https:\/\/api.w.org\/{rel}","templated":true}]}}